{"id":16237,"date":"2020-04-21T15:24:01","date_gmt":"2020-04-21T13:24:01","guid":{"rendered":"http:\/\/www.evenexpo.biz\/?page_id=16237"},"modified":"2020-10-27T12:13:02","modified_gmt":"2020-10-27T11:13:02","slug":"notre-atelier","status":"publish","type":"page","link":"https:\/\/www.evenexpo.biz\/?page_id=16237","title":{"rendered":"Agencement d&rsquo;int\u00e9rieur"},"content":{"rendered":"<p>[vc_row animation=\u00a0\u00bbfadeIn\u00a0\u00bb margin_top=\u00a0\u00bb20&Prime; anchor=\u00a0\u00bbatelier\u00a0\u00bb][vc_column][vc_column_text]<\/p>\n<p style=\"text-align: center;\"><strong>Vous souhaitez mettre en valeur vos espaces professionnels ou personnels, vos produits, et cr\u00e9er une ambiance.<\/strong><\/p>\n<p style=\"text-align: center;\"><strong><a href=\"http:\/\/www.evenexpo.biz\/?page_id=14893\"><span style=\"color: #98bf00;\">Contactez EVENEXPO !<\/span><\/a><br \/>\n<\/strong><\/p>\n<p>[\/vc_column_text][rev_slider_vc alias=\u00a0\u00bbagencement-dinterieur\u00a0\u00bb][vc_column_text]<\/p>\n<p style=\"text-align: center;\"><strong>Vous venez chercher chez EVENEXPO des r\u00e9alisations d\u2019exception et pouvez \u00e9galement compter sur notre professionnalisme et notre efficacit\u00e9.<\/strong><\/p>\n<p style=\"text-align: center;\"><strong>Toutes nos r\u00e9alisations sont fabriqu\u00e9es en France (en r\u00e9gion parisienne) et nous en assurons la mise en oeuvre dans toute la France ainsi qu&rsquo;\u00e0 l&rsquo;\u00e9tranger.<\/strong><\/p>\n<p>&nbsp;<\/p>\n<p>Les domaines d&rsquo;application de l&rsquo;am\u00e8nagement d&rsquo;int\u00e9rieur chez Evenexpo, c&rsquo;est :<\/p>\n<ul class=\"listing\">\n<li>les espaces professionnels (bureaux, showrooms et boutiques),<\/li>\n<li>l&rsquo;architecture d&rsquo;int\u00e9rieur (agencements sur mesures\u00a0: biblioth\u00e8ques, dressings, placards, cuisines et salles de bain. Mais aussi boiseries, portes sculpt\u00e9es et mobilier).<\/li>\n<\/ul>\n<p>&nbsp;<\/p>\n<p><strong>T\u00e9l\u00e9chargez notre plaquette \u00ab\u00a0Agencement d&rsquo;int\u00e9rieur &amp; Am\u00e9nagement d&rsquo;ext\u00e9rieur\u00a0\u00bb pour d\u00e9couvrir nos derni\u00e8res r\u00e9alisations : <\/strong><strong><a href=\"http:\/\/www.evenexpo.biz\/wp-content\/uploads\/2020\/10\/Evenexpo_nos-derni\u00e8res-realisations.pdf\" target=\"_blank\" rel=\"noopener\"><span style=\"color: #98bf00;\">cliquez ici<\/span><\/a><br \/>\n<\/strong>[\/vc_column_text][\/vc_column][\/vc_row]<\/p>\n","protected":false},"excerpt":{"rendered":"<p>[vc_row animation=\u00a0\u00bbfadeIn\u00a0\u00bb margin_top=\u00a0\u00bb20&Prime; anchor=\u00a0\u00bbatelier\u00a0\u00bb][vc_column][vc_column_text] Vous souhaitez mettre en valeur vos espaces professionnels ou personnels, vos produits, et cr\u00e9er une ambiance. Contactez EVENEXPO ! [\/vc_column_text][rev_slider_vc alias=\u00a0\u00bbagencement-dinterieur\u00a0\u00bb][vc_column_text] Vous venez chercher chez EVENEXPO des r\u00e9alisations d\u2019exception et pouvez \u00e9galement compter sur notre professionnalisme et notre efficacit\u00e9. Toutes nos r\u00e9alisations sont fabriqu\u00e9es en France (en r\u00e9gion parisienne) et nous&hellip;<\/p>\n","protected":false},"author":1,"featured_media":0,"parent":0,"menu_order":0,"comment_status":"closed","ping_status":"closed","template":"","meta":[],"_links":{"self":[{"href":"https:\/\/www.evenexpo.biz\/index.php?rest_route=\/wp\/v2\/pages\/16237"}],"collection":[{"href":"https:\/\/www.evenexpo.biz\/index.php?rest_route=\/wp\/v2\/pages"}],"about":[{"href":"https:\/\/www.evenexpo.biz\/index.php?rest_route=\/wp\/v2\/types\/page"}],"author":[{"embeddable":true,"href":"https:\/\/www.evenexpo.biz\/index.php?rest_route=\/wp\/v2\/users\/1"}],"replies":[{"embeddable":true,"href":"https:\/\/www.evenexpo.biz\/index.php?rest_route=%2Fwp%2Fv2%2Fcomments&post=16237"}],"version-history":[{"count":28,"href":"https:\/\/www.evenexpo.biz\/index.php?rest_route=\/wp\/v2\/pages\/16237\/revisions"}],"predecessor-version":[{"id":16486,"href":"https:\/\/www.evenexpo.biz\/index.php?rest_route=\/wp\/v2\/pages\/16237\/revisions\/16486"}],"wp:attachment":[{"href":"https:\/\/www.evenexpo.biz\/index.php?rest_route=%2Fwp%2Fv2%2Fmedia&parent=16237"}],"curies":[{"name":"wp","href":"https:\/\/api.w.org\/{rel}","templated":true}]}}