{"id":15371,"date":"2014-03-18T09:49:29","date_gmt":"2014-03-18T09:49:29","guid":{"rendered":"http:\/\/the7.dream-demo.com\/business\/?page_id=2"},"modified":"2020-04-23T18:59:00","modified_gmt":"2020-04-23T16:59:00","slug":"homepages","status":"publish","type":"page","link":"https:\/\/www.evenexpo.biz\/","title":{"rendered":"Home"},"content":{"rendered":"<p>[vc_row][vc_column][vc_empty_space][\/vc_column][\/vc_row][vc_row][vc_column][\/vc_column][\/vc_row][vc_row margin_bottom=\u00a0\u00bb20&Prime;][vc_column width=\u00a0\u00bb1\/2&Prime; offset=\u00a0\u00bbvc_col-lg-6 vc_col-md-6 vc_col-xs-12&Prime; css=\u00a0\u00bb.vc_custom_1512413906730{margin-top: 0px !important;}\u00a0\u00bb][vc_column_text]<\/p>\n<h3>Evenexpo en un mot&#8230;<\/h3>\n<div class=\"hr-thin\"><\/div>\n<p>Cr\u00e9\u00e9 en 1996 \u00e0 Massy, aujourd\u2019hui \u00e0 Tigery (91) sur une surface de 1100m\u00b2, Evenexpo vous propose une offre globale dans le milieu du stand et de l\u2019\u00e9v\u00e9nementiel, en utilisant les meilleures techniques et produits actuellement disponibles sur le march\u00e9.[\/vc_column_text]<a href=\"http:\/\/www.evenexpo.biz\/?page_id=14852\" class=\"btn-shortcode dt-btn-s dt-btn default-btn-color default-btn-hover-color default-btn-bg-color default-btn-bg-hover-color\" id=\"dt-btn-1\"><span>En savoir plus<\/span><\/a>[\/vc_column][vc_column width=\u00a0\u00bb1\/2&Prime;][vc_column_text]<\/p>\n<h3>Retrouvez-nous sur&#8230;<\/h3>\n<div class=\"hr-thin\"><\/div>\n<p>[\/vc_column_text][vc_single_image image=\u00a0\u00bb16351&Prime; img_size=\u00a0\u00bbfull\u00a0\u00bb alignment=\u00a0\u00bbcenter\u00a0\u00bb onclick=\u00a0\u00bbcustom_link\u00a0\u00bb img_link_target=\u00a0\u00bb_blank\u00a0\u00bb link=\u00a0\u00bbhttps:\/\/www.facebook.com\/atelierevenexpo\/\u00a0\u00bb css=\u00a0\u00bb.vc_custom_1587661137667{margin-top: 0px !important;}\u00a0\u00bb][\/vc_column][\/vc_row][vc_row][vc_column][vc_column_text css=\u00a0\u00bb.vc_custom_1587485761850{margin-bottom: 15px !important;}\u00a0\u00bb]<\/p>\n<h3>Stands &amp; Ev\u00e8nementiel<\/h3>\n<div class=\"hr-thin\"><\/div>\n<p>[\/vc_column_text][\/vc_column][\/vc_row][vc_row][vc_column width=\u00a0\u00bb1\/3&Prime;][vc_column_text css=\u00a0\u00bb.vc_custom_1587485835614{margin-bottom: 15px !important;}\u00a0\u00bb]STANDS TRADITIONNELS<\/p>\n<div class=\"hr-thin\"><\/div>\n<p>[\/vc_column_text][vc_single_image image=\u00a0\u00bb15636&Prime; img_size=\u00a0\u00bbfull\u00a0\u00bb onclick=\u00a0\u00bbcustom_link\u00a0\u00bb link=\u00a0\u00bbhttp:\/\/www.evenexpo.biz\/?page_id=15903&Prime;][\/vc_column][vc_column width=\u00a0\u00bb1\/3&Prime;][vc_column_text css=\u00a0\u00bb.vc_custom_1587485853111{margin-bottom: 15px !important;}\u00a0\u00bb]STANDS MODULABLES<\/p>\n<div class=\"hr-thin\"><\/div>\n<p>[\/vc_column_text][vc_single_image image=\u00a0\u00bb15661&Prime; img_size=\u00a0\u00bbfull\u00a0\u00bb onclick=\u00a0\u00bbcustom_link\u00a0\u00bb link=\u00a0\u00bbhttp:\/\/www.evenexpo.biz\/?page_id=15903&Prime;][\/vc_column][vc_column width=\u00a0\u00bb1\/3&Prime;][vc_column_text css=\u00a0\u00bb.vc_custom_1587485868558{margin-bottom: 15px !important;}\u00a0\u00bb]\u00c9V\u00c8NEMENTIEL<\/p>\n<div class=\"hr-thin\"><\/div>\n<p>[\/vc_column_text][vc_single_image image=\u00a0\u00bb15777&Prime; img_size=\u00a0\u00bbfull\u00a0\u00bb onclick=\u00a0\u00bbcustom_link\u00a0\u00bb link=\u00a0\u00bbhttp:\/\/www.evenexpo.biz\/?page_id=16019&Prime;][\/vc_column][\/vc_row][vc_row][vc_column][vc_empty_space css=\u00a0\u00bb.vc_custom_1512413877600{margin-bottom: 15px !important;}\u00a0\u00bb][vc_column_text css=\u00a0\u00bb.vc_custom_1587486495158{margin-bottom: 15px !important;}\u00a0\u00bb]<\/p>\n<h3>Agencement d&rsquo;int\u00e9rieur &amp; Am\u00e9nagement ext\u00e9rieur<\/h3>\n<div class=\"hr-thin\"><\/div>\n<p>[\/vc_column_text][\/vc_column][\/vc_row][vc_row][vc_column width=\u00a0\u00bb1\/2&Prime;][vc_column_text css=\u00a0\u00bb.vc_custom_1587486436695{margin-bottom: 15px !important;}\u00a0\u00bb]AGENCEMENT D&rsquo;INT\u00c9RIEUR<\/p>\n<div class=\"hr-thin\"><\/div>\n<p>[\/vc_column_text][vc_single_image image=\u00a0\u00bb16240&Prime; img_size=\u00a0\u00bbfull\u00a0\u00bb onclick=\u00a0\u00bbcustom_link\u00a0\u00bb link=\u00a0\u00bbhttp:\/\/www.evenexpo.biz\/?page_id=16237&Prime;][\/vc_column][vc_column width=\u00a0\u00bb1\/2&Prime;][vc_column_text css=\u00a0\u00bb.vc_custom_1587486462433{margin-bottom: 15px !important;}\u00a0\u00bb]AM\u00c9NAGEMENT EXT\u00c9RIEUR<\/p>\n<div class=\"hr-thin\"><\/div>\n<p>[\/vc_column_text][vc_single_image image=\u00a0\u00bb16293&Prime; img_size=\u00a0\u00bbfull\u00a0\u00bb onclick=\u00a0\u00bbcustom_link\u00a0\u00bb link=\u00a0\u00bbhttp:\/\/www.evenexpo.biz\/?page_id=16281&Prime;][\/vc_column][\/vc_row]<\/p>\n","protected":false},"excerpt":{"rendered":"<p>[vc_row][vc_column][vc_empty_space][\/vc_column][\/vc_row][vc_row][vc_column][\/vc_column][\/vc_row][vc_row margin_bottom=\u00a0\u00bb20&Prime;][vc_column width=\u00a0\u00bb1\/2&Prime; offset=\u00a0\u00bbvc_col-lg-6 vc_col-md-6 vc_col-xs-12&Prime; css=\u00a0\u00bb.vc_custom_1512413906730{margin-top: 0px !important;}\u00a0\u00bb][vc_column_text] Evenexpo en un mot&#8230; Cr\u00e9\u00e9 en 1996 \u00e0 Massy, aujourd\u2019hui \u00e0 Tigery (91) sur une surface de 1100m\u00b2, Evenexpo vous propose une offre globale dans le milieu du stand et de l\u2019\u00e9v\u00e9nementiel, en utilisant les meilleures techniques et produits actuellement disponibles sur le march\u00e9.[\/vc_column_text][\/vc_column][vc_column width=\u00a0\u00bb1\/2&Prime;][vc_column_text] Retrouvez-nous&hellip;<\/p>\n","protected":false},"author":1,"featured_media":0,"parent":0,"menu_order":0,"comment_status":"closed","ping_status":"closed","template":"","meta":[],"_links":{"self":[{"href":"https:\/\/www.evenexpo.biz\/index.php?rest_route=\/wp\/v2\/pages\/15371"}],"collection":[{"href":"https:\/\/www.evenexpo.biz\/index.php?rest_route=\/wp\/v2\/pages"}],"about":[{"href":"https:\/\/www.evenexpo.biz\/index.php?rest_route=\/wp\/v2\/types\/page"}],"author":[{"embeddable":true,"href":"https:\/\/www.evenexpo.biz\/index.php?rest_route=\/wp\/v2\/users\/1"}],"replies":[{"embeddable":true,"href":"https:\/\/www.evenexpo.biz\/index.php?rest_route=%2Fwp%2Fv2%2Fcomments&post=15371"}],"version-history":[{"count":85,"href":"https:\/\/www.evenexpo.biz\/index.php?rest_route=\/wp\/v2\/pages\/15371\/revisions"}],"predecessor-version":[{"id":16352,"href":"https:\/\/www.evenexpo.biz\/index.php?rest_route=\/wp\/v2\/pages\/15371\/revisions\/16352"}],"wp:attachment":[{"href":"https:\/\/www.evenexpo.biz\/index.php?rest_route=%2Fwp%2Fv2%2Fmedia&parent=15371"}],"curies":[{"name":"wp","href":"https:\/\/api.w.org\/{rel}","templated":true}]}}