{"id":15167,"date":"2017-01-28T09:46:02","date_gmt":"2017-01-28T08:46:02","guid":{"rendered":"http:\/\/www.evenexpo.biz\/nvzwpee\/?page_id=15167"},"modified":"2017-01-29T20:43:34","modified_gmt":"2017-01-29T19:43:34","slug":"notre-eco-engagement","status":"publish","type":"page","link":"https:\/\/www.evenexpo.biz\/?page_id=15167","title":{"rendered":"Notre \u00e9co-engagement"},"content":{"rendered":"<p>[vc_row animation=\u00a0\u00bbfadeIn\u00a0\u00bb][vc_column][vc_column_text]<b>Dans un soucis de respect pour la plan\u00e8te, nous essayons au maximum d&rsquo;utiliser des mat\u00e9riaux \u00e9co-responsables et minimiser nos co\u00fbts de transport.<\/b>[\/vc_column_text][\/vc_column][\/vc_row][vc_row animation=\u00a0\u00bbfadeIn\u00a0\u00bb][vc_column width=\u00a0\u00bb1\/2&Prime;][rev_slider_vc alias=\u00a0\u00bbbe_matrix\u00a0\u00bb][\/vc_column][vc_column width=\u00a0\u00bb1\/2&Prime;]<div id=\"ultimate-heading-41836a0541a9669fa\" class=\"uvc-heading ult-adjust-bottom-margin ultimate-heading-41836a0541a9669fa uvc-8031  uvc-heading-default-font-sizes\" data-hspacer=\"no_spacer\"  data-halign=\"left\" style=\"text-align:left\"><div class=\"uvc-heading-spacer no_spacer\" style=\"top\"><\/div><div class=\"uvc-main-heading ult-responsive\"  data-ultimate-target='.uvc-heading.ultimate-heading-41836a0541a9669fa h3'  data-responsive-json-new='{\"font-size\":\"\",\"line-height\":\"\"}' ><h3 style=\"--font-weight:theme;\">BE MATRIX<\/h3><\/div><div class=\"uvc-sub-heading ult-responsive\"  data-ultimate-target='.uvc-heading.ultimate-heading-41836a0541a9669fa .uvc-sub-heading '  data-responsive-json-new='{\"font-size\":\"\",\"line-height\":\"\"}'  style=\"font-weight:normal;\"><\/p>\n<p>EVENEXPO vous pr\u00e9sente BEMATRIX dont nous sommes partenaires.<\/p>\n<p>Ce syst\u00e8me l\u00e9ger et astucieux permet de cr\u00e9er et de construire des stands modulables sans outil. La r\u00e9utilisabilit\u00e9 et la durabilit\u00e9 du syst\u00e8me BEMATRIX s\u2019inscrit dans le d\u00e9veloppement durable.<\/div><\/div>[\/vc_column][\/vc_row]<\/p>\n","protected":false},"excerpt":{"rendered":"<p>[vc_row animation=\u00a0\u00bbfadeIn\u00a0\u00bb][vc_column][vc_column_text]Dans un soucis de respect pour la plan\u00e8te, nous essayons au maximum d&rsquo;utiliser des mat\u00e9riaux \u00e9co-responsables et minimiser nos co\u00fbts de transport.[\/vc_column_text][\/vc_column][\/vc_row][vc_row animation=\u00a0\u00bbfadeIn\u00a0\u00bb][vc_column width=\u00a0\u00bb1\/2&Prime;][rev_slider_vc alias=\u00a0\u00bbbe_matrix\u00a0\u00bb][\/vc_column][vc_column width=\u00a0\u00bb1\/2&Prime;][\/vc_column][\/vc_row]<\/p>\n","protected":false},"author":1,"featured_media":0,"parent":2401,"menu_order":0,"comment_status":"closed","ping_status":"closed","template":"","meta":[],"_links":{"self":[{"href":"https:\/\/www.evenexpo.biz\/index.php?rest_route=\/wp\/v2\/pages\/15167"}],"collection":[{"href":"https:\/\/www.evenexpo.biz\/index.php?rest_route=\/wp\/v2\/pages"}],"about":[{"href":"https:\/\/www.evenexpo.biz\/index.php?rest_route=\/wp\/v2\/types\/page"}],"author":[{"embeddable":true,"href":"https:\/\/www.evenexpo.biz\/index.php?rest_route=\/wp\/v2\/users\/1"}],"replies":[{"embeddable":true,"href":"https:\/\/www.evenexpo.biz\/index.php?rest_route=%2Fwp%2Fv2%2Fcomments&post=15167"}],"version-history":[{"count":8,"href":"https:\/\/www.evenexpo.biz\/index.php?rest_route=\/wp\/v2\/pages\/15167\/revisions"}],"predecessor-version":[{"id":15513,"href":"https:\/\/www.evenexpo.biz\/index.php?rest_route=\/wp\/v2\/pages\/15167\/revisions\/15513"}],"up":[{"embeddable":true,"href":"https:\/\/www.evenexpo.biz\/index.php?rest_route=\/wp\/v2\/pages\/2401"}],"wp:attachment":[{"href":"https:\/\/www.evenexpo.biz\/index.php?rest_route=%2Fwp%2Fv2%2Fmedia&parent=15167"}],"curies":[{"name":"wp","href":"https:\/\/api.w.org\/{rel}","templated":true}]}}