{"id":14852,"date":"2017-01-24T15:25:13","date_gmt":"2017-01-24T14:25:13","guid":{"rendered":"http:\/\/www.evenexpo.biz\/nvzwpee\/?page_id=14852"},"modified":"2017-01-29T20:35:54","modified_gmt":"2017-01-29T19:35:54","slug":"atelier","status":"publish","type":"page","link":"https:\/\/www.evenexpo.biz\/?page_id=14852","title":{"rendered":"Notre atelier"},"content":{"rendered":"<p>[vc_row animation=\u00a0\u00bbfadeIn\u00a0\u00bb margin_top=\u00a0\u00bb20&Prime; anchor=\u00a0\u00bbatelier\u00a0\u00bb][vc_column width=\u00a0\u00bb1\/2&Prime;][rev_slider_vc alias=\u00a0\u00bblocaux\u00a0\u00bb][\/vc_column][vc_column css_animation=\u00a0\u00bbfadeIn\u00a0\u00bb width=\u00a0\u00bb1\/2&Prime;][vc_column_text]<strong>Cr\u00e9\u00e9 en 1996 \u00e0 Massy, aujourd\u2019hui \u00e0 Tigery (91) sur une surface de 1100m\u00b2, Evenexpo vous propose une offre globale dans le milieu du stand et de l\u2019\u00e9v\u00e9nementiel, en utilisant les meilleures techniques et produits actuellement disponibles sur le march\u00e9.<\/strong><\/p>\n<p>&nbsp;<\/p>\n<p>Evenexpo met \u00e0 votre disposition tout son savoir faire, gr\u00e2ce \u00e0 :<\/p>\n<ul class=\"listing\">\n<li>Son atelier de production (550m\u00b2) dans lequel travaillent des professionnels qualifi\u00e9s dans la r\u00e9alisation de stands et d\u2019agencements.<\/li>\n<li>Son espace de stockage (550m\u00b2) attach\u00e9 \u00e0 l\u2019atelier, nous permet de vous proposer le stockage de vos \u00e9l\u00e9ments pour un \u00e9ventuel remontage sur d\u2019autres salons.<\/li>\n<li>Un interlocuteur unique vous aide \u00e0 analyser, \u00e9laborer et g\u00e9rer vos projets de la conception \u00e0 la r\u00e9alisation en France et \u00e0 l\u2019international.<\/li>\n<li>Son service technique, toujours \u00e0 la recherche de nouveaut\u00e9s, \u00e9tudie et valorise vos projets.<\/li>\n<\/ul>\n<p>[\/vc_column_text][\/vc_column][\/vc_row]<\/p>\n","protected":false},"excerpt":{"rendered":"<p>[vc_row animation=\u00a0\u00bbfadeIn\u00a0\u00bb margin_top=\u00a0\u00bb20&Prime; anchor=\u00a0\u00bbatelier\u00a0\u00bb][vc_column width=\u00a0\u00bb1\/2&Prime;][rev_slider_vc alias=\u00a0\u00bblocaux\u00a0\u00bb][\/vc_column][vc_column css_animation=\u00a0\u00bbfadeIn\u00a0\u00bb width=\u00a0\u00bb1\/2&Prime;][vc_column_text]Cr\u00e9\u00e9 en 1996 \u00e0 Massy, aujourd\u2019hui \u00e0 Tigery (91) sur une surface de 1100m\u00b2, Evenexpo vous propose une offre globale dans le milieu du stand et de l\u2019\u00e9v\u00e9nementiel, en utilisant les meilleures techniques et produits actuellement disponibles sur le march\u00e9. &nbsp; Evenexpo met \u00e0 votre disposition tout son&hellip;<\/p>\n","protected":false},"author":1,"featured_media":0,"parent":2401,"menu_order":0,"comment_status":"closed","ping_status":"closed","template":"","meta":[],"_links":{"self":[{"href":"https:\/\/www.evenexpo.biz\/index.php?rest_route=\/wp\/v2\/pages\/14852"}],"collection":[{"href":"https:\/\/www.evenexpo.biz\/index.php?rest_route=\/wp\/v2\/pages"}],"about":[{"href":"https:\/\/www.evenexpo.biz\/index.php?rest_route=\/wp\/v2\/types\/page"}],"author":[{"embeddable":true,"href":"https:\/\/www.evenexpo.biz\/index.php?rest_route=\/wp\/v2\/users\/1"}],"replies":[{"embeddable":true,"href":"https:\/\/www.evenexpo.biz\/index.php?rest_route=%2Fwp%2Fv2%2Fcomments&post=14852"}],"version-history":[{"count":19,"href":"https:\/\/www.evenexpo.biz\/index.php?rest_route=\/wp\/v2\/pages\/14852\/revisions"}],"predecessor-version":[{"id":15510,"href":"https:\/\/www.evenexpo.biz\/index.php?rest_route=\/wp\/v2\/pages\/14852\/revisions\/15510"}],"up":[{"embeddable":true,"href":"https:\/\/www.evenexpo.biz\/index.php?rest_route=\/wp\/v2\/pages\/2401"}],"wp:attachment":[{"href":"https:\/\/www.evenexpo.biz\/index.php?rest_route=%2Fwp%2Fv2%2Fmedia&parent=14852"}],"curies":[{"name":"wp","href":"https:\/\/api.w.org\/{rel}","templated":true}]}}